{"id":190,"date":"2017-11-29T10:57:16","date_gmt":"2017-11-29T09:57:16","guid":{"rendered":"http:\/\/mesopotamia_2017.dev\/explorer-la-carte\/"},"modified":"2018-04-05T10:26:58","modified_gmt":"2018-04-05T08:26:58","slug":"explorer-la-carte","status":"publish","type":"page","link":"https:\/\/www.mesopotamiaheritage.org\/sy\/explorer-la-carte\/","title":{"rendered":"Explorer la carte"},"content":{"rendered":"<p>test texte<\/p>\n","protected":false},"excerpt":{"rendered":"<p>test texte<\/p>\n","protected":false},"author":1,"featured_media":794,"parent":0,"menu_order":0,"comment_status":"closed","ping_status":"closed","template":"page-templates\/page-carte.php","meta":{"footnotes":""},"class_list":["post-190","page","type-page","status-publish","has-post-thumbnail","hentry"],"acf":[],"yoast_head":"<!-- This site is optimized with the Yoast SEO plugin v27.5 - https:\/\/yoast.com\/product\/yoast-seo-wordpress\/ -->\n<title>MESOPOTAMIA | Carte des monuments Chr\u00e9tiens et Y\u00e9zidis en Irak<\/title>\n<meta name=\"description\" content=\"Voyagez au c\u0153ur de l&#039;Irak et d\u00e9couvrez le patrimoine Chr\u00e9tiens et Y\u00e9zidis en Irak gr\u00e2ce \u00e0 notre carte interactive.\" \/>\n<meta name=\"robots\" content=\"index, follow, max-snippet:-1, max-image-preview:large, max-video-preview:-1\" \/>\n<link rel=\"canonical\" href=\"https:\/\/www.mesopotamiaheritage.org\/sy\/explorer-la-carte\/\" \/>\n<meta property=\"og:locale\" content=\"sy_SY\" \/>\n<meta property=\"og:type\" content=\"article\" \/>\n<meta property=\"og:title\" content=\"MESOPOTAMIA | Carte des monuments Chr\u00e9tiens et Y\u00e9zidis en Irak\" \/>\n<meta property=\"og:description\" content=\"Voyagez au c\u0153ur de l&#039;Irak et d\u00e9couvrez le patrimoine Chr\u00e9tiens et Y\u00e9zidis en Irak gr\u00e2ce \u00e0 notre carte interactive.\" \/>\n<meta property=\"og:url\" content=\"https:\/\/www.mesopotamiaheritage.org\/sy\/explorer-la-carte\/\" \/>\n<meta property=\"og:site_name\" content=\"Mesopotamia\" \/>\n<meta property=\"article:modified_time\" content=\"2018-04-05T08:26:58+00:00\" \/>\n<meta property=\"og:image\" content=\"https:\/\/www.mesopotamiaheritage.org\/wp-content\/uploads\/2018\/02\/Monast\u00e8re-de-Rabban-Hormizd.jpg\" \/>\n\t<meta property=\"og:image:width\" content=\"1181\" \/>\n\t<meta property=\"og:image:height\" content=\"787\" \/>\n\t<meta property=\"og:image:type\" content=\"image\/jpeg\" \/>\n<meta name=\"twitter:card\" content=\"summary_large_image\" \/>\n<script type=\"application\/ld+json\" class=\"yoast-schema-graph\">{\"@context\":\"https:\\\/\\\/schema.org\",\"@graph\":[{\"@type\":\"WebPage\",\"@id\":\"https:\\\/\\\/www.mesopotamiaheritage.org\\\/sy\\\/explorer-la-carte\\\/\",\"url\":\"https:\\\/\\\/www.mesopotamiaheritage.org\\\/sy\\\/explorer-la-carte\\\/\",\"name\":\"MESOPOTAMIA | Carte des monuments Chr\u00e9tiens et Y\u00e9zidis en Irak\",\"isPartOf\":{\"@id\":\"https:\\\/\\\/www.mesopotamiaheritage.org\\\/#website\"},\"primaryImageOfPage\":{\"@id\":\"https:\\\/\\\/www.mesopotamiaheritage.org\\\/sy\\\/explorer-la-carte\\\/#primaryimage\"},\"image\":{\"@id\":\"https:\\\/\\\/www.mesopotamiaheritage.org\\\/sy\\\/explorer-la-carte\\\/#primaryimage\"},\"thumbnailUrl\":\"https:\\\/\\\/www.mesopotamiaheritage.org\\\/wp-content\\\/uploads\\\/2018\\\/02\\\/Monast\u00e8re-de-Rabban-Hormizd.jpg\",\"datePublished\":\"2017-11-29T09:57:16+00:00\",\"dateModified\":\"2018-04-05T08:26:58+00:00\",\"description\":\"Voyagez au c\u0153ur de l'Irak et d\u00e9couvrez le patrimoine Chr\u00e9tiens et Y\u00e9zidis en Irak gr\u00e2ce \u00e0 notre carte interactive.\",\"breadcrumb\":{\"@id\":\"https:\\\/\\\/www.mesopotamiaheritage.org\\\/sy\\\/explorer-la-carte\\\/#breadcrumb\"},\"inLanguage\":\"sy-SY\",\"potentialAction\":[{\"@type\":\"ReadAction\",\"target\":[\"https:\\\/\\\/www.mesopotamiaheritage.org\\\/sy\\\/explorer-la-carte\\\/\"]}]},{\"@type\":\"ImageObject\",\"inLanguage\":\"sy-SY\",\"@id\":\"https:\\\/\\\/www.mesopotamiaheritage.org\\\/sy\\\/explorer-la-carte\\\/#primaryimage\",\"url\":\"https:\\\/\\\/www.mesopotamiaheritage.org\\\/wp-content\\\/uploads\\\/2018\\\/02\\\/Monast\u00e8re-de-Rabban-Hormizd.jpg\",\"contentUrl\":\"https:\\\/\\\/www.mesopotamiaheritage.org\\\/wp-content\\\/uploads\\\/2018\\\/02\\\/Monast\u00e8re-de-Rabban-Hormizd.jpg\",\"width\":1181,\"height\":787,\"caption\":\"Clocher Rabban Hormizd\"},{\"@type\":\"BreadcrumbList\",\"@id\":\"https:\\\/\\\/www.mesopotamiaheritage.org\\\/sy\\\/explorer-la-carte\\\/#breadcrumb\",\"itemListElement\":[{\"@type\":\"ListItem\",\"position\":1,\"name\":\"Home\",\"item\":\"https:\\\/\\\/www.mesopotamiaheritage.org\\\/sy\\\/\"},{\"@type\":\"ListItem\",\"position\":2,\"name\":\"Explorer la carte\"}]},{\"@type\":\"WebSite\",\"@id\":\"https:\\\/\\\/www.mesopotamiaheritage.org\\\/#website\",\"url\":\"https:\\\/\\\/www.mesopotamiaheritage.org\\\/\",\"name\":\"Mesopotamia\",\"description\":\"Un site utilisant WordPress\",\"potentialAction\":[{\"@type\":\"SearchAction\",\"target\":{\"@type\":\"EntryPoint\",\"urlTemplate\":\"https:\\\/\\\/www.mesopotamiaheritage.org\\\/?s={search_term_string}\"},\"query-input\":{\"@type\":\"PropertyValueSpecification\",\"valueRequired\":true,\"valueName\":\"search_term_string\"}}],\"inLanguage\":\"sy-SY\"}]}<\/script>\n<!-- \/ Yoast SEO plugin. -->","yoast_head_json":{"title":"MESOPOTAMIA | Carte des monuments Chr\u00e9tiens et Y\u00e9zidis en Irak","description":"Voyagez au c\u0153ur de l'Irak et d\u00e9couvrez le patrimoine Chr\u00e9tiens et Y\u00e9zidis en Irak gr\u00e2ce \u00e0 notre carte interactive.","robots":{"index":"index","follow":"follow","max-snippet":"max-snippet:-1","max-image-preview":"max-image-preview:large","max-video-preview":"max-video-preview:-1"},"canonical":"https:\/\/www.mesopotamiaheritage.org\/sy\/explorer-la-carte\/","og_locale":"sy_SY","og_type":"article","og_title":"MESOPOTAMIA | Carte des monuments Chr\u00e9tiens et Y\u00e9zidis en Irak","og_description":"Voyagez au c\u0153ur de l'Irak et d\u00e9couvrez le patrimoine Chr\u00e9tiens et Y\u00e9zidis en Irak gr\u00e2ce \u00e0 notre carte interactive.","og_url":"https:\/\/www.mesopotamiaheritage.org\/sy\/explorer-la-carte\/","og_site_name":"Mesopotamia","article_modified_time":"2018-04-05T08:26:58+00:00","og_image":[{"width":1181,"height":787,"url":"https:\/\/www.mesopotamiaheritage.org\/wp-content\/uploads\/2018\/02\/Monast\u00e8re-de-Rabban-Hormizd.jpg","type":"image\/jpeg"}],"twitter_card":"summary_large_image","schema":{"@context":"https:\/\/schema.org","@graph":[{"@type":"WebPage","@id":"https:\/\/www.mesopotamiaheritage.org\/sy\/explorer-la-carte\/","url":"https:\/\/www.mesopotamiaheritage.org\/sy\/explorer-la-carte\/","name":"MESOPOTAMIA | Carte des monuments Chr\u00e9tiens et Y\u00e9zidis en Irak","isPartOf":{"@id":"https:\/\/www.mesopotamiaheritage.org\/#website"},"primaryImageOfPage":{"@id":"https:\/\/www.mesopotamiaheritage.org\/sy\/explorer-la-carte\/#primaryimage"},"image":{"@id":"https:\/\/www.mesopotamiaheritage.org\/sy\/explorer-la-carte\/#primaryimage"},"thumbnailUrl":"https:\/\/www.mesopotamiaheritage.org\/wp-content\/uploads\/2018\/02\/Monast\u00e8re-de-Rabban-Hormizd.jpg","datePublished":"2017-11-29T09:57:16+00:00","dateModified":"2018-04-05T08:26:58+00:00","description":"Voyagez au c\u0153ur de l'Irak et d\u00e9couvrez le patrimoine Chr\u00e9tiens et Y\u00e9zidis en Irak gr\u00e2ce \u00e0 notre carte interactive.","breadcrumb":{"@id":"https:\/\/www.mesopotamiaheritage.org\/sy\/explorer-la-carte\/#breadcrumb"},"inLanguage":"sy-SY","potentialAction":[{"@type":"ReadAction","target":["https:\/\/www.mesopotamiaheritage.org\/sy\/explorer-la-carte\/"]}]},{"@type":"ImageObject","inLanguage":"sy-SY","@id":"https:\/\/www.mesopotamiaheritage.org\/sy\/explorer-la-carte\/#primaryimage","url":"https:\/\/www.mesopotamiaheritage.org\/wp-content\/uploads\/2018\/02\/Monast\u00e8re-de-Rabban-Hormizd.jpg","contentUrl":"https:\/\/www.mesopotamiaheritage.org\/wp-content\/uploads\/2018\/02\/Monast\u00e8re-de-Rabban-Hormizd.jpg","width":1181,"height":787,"caption":"Clocher Rabban Hormizd"},{"@type":"BreadcrumbList","@id":"https:\/\/www.mesopotamiaheritage.org\/sy\/explorer-la-carte\/#breadcrumb","itemListElement":[{"@type":"ListItem","position":1,"name":"Home","item":"https:\/\/www.mesopotamiaheritage.org\/sy\/"},{"@type":"ListItem","position":2,"name":"Explorer la carte"}]},{"@type":"WebSite","@id":"https:\/\/www.mesopotamiaheritage.org\/#website","url":"https:\/\/www.mesopotamiaheritage.org\/","name":"Mesopotamia","description":"Un site utilisant WordPress","potentialAction":[{"@type":"SearchAction","target":{"@type":"EntryPoint","urlTemplate":"https:\/\/www.mesopotamiaheritage.org\/?s={search_term_string}"},"query-input":{"@type":"PropertyValueSpecification","valueRequired":true,"valueName":"search_term_string"}}],"inLanguage":"sy-SY"}]}},"_links":{"self":[{"href":"https:\/\/www.mesopotamiaheritage.org\/sy\/wp-json\/wp\/v2\/pages\/190","targetHints":{"allow":["GET"]}}],"collection":[{"href":"https:\/\/www.mesopotamiaheritage.org\/sy\/wp-json\/wp\/v2\/pages"}],"about":[{"href":"https:\/\/www.mesopotamiaheritage.org\/sy\/wp-json\/wp\/v2\/types\/page"}],"author":[{"embeddable":true,"href":"https:\/\/www.mesopotamiaheritage.org\/sy\/wp-json\/wp\/v2\/users\/1"}],"replies":[{"embeddable":true,"href":"https:\/\/www.mesopotamiaheritage.org\/sy\/wp-json\/wp\/v2\/comments?post=190"}],"version-history":[{"count":10,"href":"https:\/\/www.mesopotamiaheritage.org\/sy\/wp-json\/wp\/v2\/pages\/190\/revisions"}],"predecessor-version":[{"id":808,"href":"https:\/\/www.mesopotamiaheritage.org\/sy\/wp-json\/wp\/v2\/pages\/190\/revisions\/808"}],"wp:featuredmedia":[{"embeddable":true,"href":"https:\/\/www.mesopotamiaheritage.org\/sy\/wp-json\/wp\/v2\/media\/794"}],"wp:attachment":[{"href":"https:\/\/www.mesopotamiaheritage.org\/sy\/wp-json\/wp\/v2\/media?parent=190"}],"curies":[{"name":"wp","href":"https:\/\/api.w.org\/{rel}","templated":true}]}}