{"id":42870,"date":"2019-09-10T13:46:33","date_gmt":"2019-09-10T11:46:33","guid":{"rendered":"https:\/\/www.mesopotamiaheritage.org\/?page_id=42870"},"modified":"2019-09-10T13:46:33","modified_gmt":"2019-09-10T11:46:33","slug":"die-aller-besten-nagelfolien","status":"publish","type":"page","link":"https:\/\/www.mesopotamiaheritage.org\/en\/die-aller-besten-nagelfolien\/","title":{"rendered":"Die aller besten Nagelfolien"},"content":{"rendered":"<h1><strong>Die besten Nagelfolien sind von Diyz Nails \u2013 Designer Nagelfolie<\/strong><\/h1>\n<p>Wie ihr wisst, bin ich bereits ein gro\u00dfer Fan der Diyz Nagelfolien, die auf www.diyz-nails.de erh\u00e4ltlich sind. Das Prinzip ist bei den DIYZ Nagelfolien gleich \u2013 der Nagellack wird als Folie aufgeklebt. Somit erspart ihr euch die Trockenzeit und es sind Designs m\u00f6glich, die man mit dem Pinsel nicht so sauber nachpinseln kann.<\/p>\n<p>In einem P\u00e4ckchen, das bei <a href=\"https:\/\/www.diyz-nails.de\"><b>DIYZ Nails <\/b><\/a>um<b> 17,95\u20ac <\/b>erh\u00e4tlich ist, sind 20 &#8211; 24\u00a0 Folien enthalten. (Momentan sind die Folien in \u00d6sterreich leider noch nicht erh\u00e4ltlich!)<\/p>\n<p>Ich liebe diese Nagelfolien \u00fcberalles.<\/p>\n<p>Mega sch\u00f6ne Designs und eine super Qualit\u00e4t die ich nur empfehlen kann.<\/p>\n<div class=\"item-paragraph item-paragraph--small item-paragraph--text\">\n<h2>Nagellackersatz &#8211; <a href=\"https:\/\/www.diyz-nails.de\/shop\/nagelfolien\/\">Nagelfolien<\/a> Verf\u00fchrung pur<\/h2>\n<p>Sch\u00f6n lackierte N\u00e4gel k\u00f6nnen ein Outfit perfektionieren. Dabei sind gepflegte H\u00e4nde und gesunde N\u00e4gel ein absolutes Muss.<\/p>\n<p>Wissenschaftliche Studien beweisen, dass man bei seinem Gegen\u00fcber sehr stark auf die H\u00e4nde achtet. Aber jeder kennt es: Kaum sind die N\u00e4gel lackiert, bl\u00e4ttert auch schon das erste Eckchen ab \u2013 die ganze M\u00fche war umsonst. Aber das muss nicht unbedingt sein.<\/p>\n<p>Wir verraten dir nicht nur die neusten Nagellack Trends, sondern geben auch Tipps &amp; Tricks wie du deine N\u00e4gel perfekt lackierst und deine H\u00e4nde zum Hingucker werden.<\/p>\n<p>Sie lieben ausgefallenes Nagel-Design? Dann liegen Sie mit den innovativen Nagelfolien von Diyz Nails voll im Trend. <b>Farbenfrohe und ausgefallene Designs sowie eine leichte Handhabung<\/b> sorgen f\u00fcr Abwechslung &#8211; wann und wo immer Sie wollen. Stundenlange Sitzungen bei der Manik\u00fcre oder Stress wegen langsam trocknendem Lack geh\u00f6ren jetzt der Vergangenheit an. Dank der hochwertigen Folien k\u00f6nnen Sie Ihre N\u00e4gel nach Lust und Laune versch\u00f6nern &#8211; und das ganz bequem von zu Hause aus. In Onlineshop\u00a0 finden Sie eine gro\u00dfe Auswahl an Nagelfolien von DIYZ Nails. Ob Polka Dots, Herzchen, Schneeflocken oder florale Muster &#8211; Sie entscheiden, welche Motive Ihre N\u00e4gel zieren sollen. Nat\u00fcrlich finden Sie bei uns auch das passende Zubeh\u00f6r wie Nagelfeilen und \u00dcberlack.<\/p>\n<h2>Anpassen, aufkleben, fertig<\/h2>\n<p>Das Aufbringen der exklusiven Motivfolien ist auch f\u00fcr Anf\u00e4nger ein Kinderspiel. Auf die sauberen N\u00e4gel werden die <b>passend zugeschnittenen Folien<\/b> aufgeklebt. Mit der Glasfeile lassen sich die \u00fcberstehenden Reste m\u00fchelos entfernen. Damit Sie lange Freude an Ihren stylishen N\u00e4geln haben, tragen Sie zum Schluss den <b>\u00dcberlack<\/b> auf. Lassen auch Sie sich von den freshen Designs der Nagelfolien verzaubern.<\/p>\n<p><strong>Zeig her deine N\u00e4gel! Damit die jetzt im Sommer sch\u00f6n auffallen, hat DIYZNails <a href=\"https:\/\/www.diyz-nails.de\/shop\/nagelfolien\/\">Nagelfolien<\/a> parat, die deinen Fingerspitzen die Krone aufsetzen. Supers\u00fc\u00df mit Flamingos oder Palmwedeln drauf. Damit auch wirklich jeder hinguckt, akzentuierst du einzelne N\u00e4gel mit den coolen Stickern. Wie das geht? Wir zeigen\u2019s dir.<\/strong><\/p>\n<h3>Nagelfolien w\u00e4hlen:<\/h3>\n<p>Die Sticker\u00a0von Diyznails vereinen gleich mehrere Vorteile \u2013 jippie! Sie sind sofort einsatzbereit, wasserfest, halten bis zu sieben Tage lang und sind r\u00fcckstandsfrei abl\u00f6sbar. Mit ihnen akzentuiert du einzelne Fingerspitzen \u2013 ob Natur-, Gel- oder Acryln\u00e4gel.<\/p>\n<h3>Fingern\u00e4gel vorbereiten:<\/h3>\n<p>N\u00e4gel reinigen und von \u00f6ligen R\u00fcckst\u00e4nden oder Lotion- bzw. Cremeresten befreien. F\u00fcr einen besseren Halt der Nagelfolien kannst du deine N\u00e4gel vorab noch ein wenig mit einer Feile aufrauen und die Staubpartikel mit einem Wattepad abnehmen.<\/p>\n<p>Dann geht\u2019s los: H\u00e4ngen mehrere Nagelfolien\u00a0zusammen, einfach vorsichtig trennen. Durchsichtige Schutzfolie abziehen.<\/p>\n<p>Dann ebenso sachte die eigentliche Nagelfolie\u00a0abnehmen. Am besten am unteren quadratischen Endst\u00fcck anfassen, um die Klebeleistung nicht zu verringern.<\/p>\n<p>Dieses St\u00fcck sorgsam abrei\u00dfen und f\u00fcr Kleberichtung entscheiden. Soll das d\u00fcnnere oder dickere Ende nachher oben auf dem Nagel sitzen? Gegebenenfalls mit einer Nagelschere entsprechend der Nagelform k\u00fcrzen.<\/p>\n<p>Nagelfolie behutsam auf den Nagel kleben, am besten von der Mitte aus, damit keine Falten und Luftbl\u00e4schen entstehen, und dann nach oben und unten glatt streichen.<\/p>\n<p>M\u00f6gliche \u00fcberstehende Reste der Nagelfolie\u00a0einfach abfeilen. Viel Spa\u00df mit deinem Akzentnagel!<\/p>\n<p>Voil\u00e0! Zum Entfernen einfach etwas Nagellackentferner auf ein Wattepad geben und dieses einige Sekunden auf den akzentuierten Nagel dr\u00fccken. Dann l\u00e4sst er sich gaaaanz vorsichtig und easy abl\u00f6sen.<\/p>\n<p>Nail Wraps oder Nagelfolien besitzen einzigartige Klebeeigenschaften, welche sich mit etwas \u00dcbung ganz leicht auf die N\u00e4gel (auch Gel-N\u00e4gel) kleben und genauso schnell wieder entfernen lassen.<\/p>\n<p>Durch den Einsatz spezieller Techniken, sowie unsere Erfahrung im Druck-Sektor, sind wir in der Lage, auch sehr feine, detailgetreue Designs zu drucken. So entstehen echte Kunstwerke, welche mit keinem Lack der Welt zu erzielen sind!<\/p>\n<p>Mit Nagelfolien by Diyznails bekommen Frauen nicht nur au\u00dfergew\u00f6hnliche Designs auf ihre Fingern\u00e4gel gezaubert, sondern erhalten durch die Zeitersparnis beim Aufkleben einen weiteren echten Mehrwert!<\/p>\n<p>L\u00e4stige Wartezeiten wie z. B. beim Lackieren entfallen! UV-oder LED-Lampe? Denken Sie nicht einmal daran!<\/p>\n<p>Nagelfolien by Diyznails &#8211; Aufkleben\u2026 Abfeilen\u2026 fertig\u2026 und z. B. sofort in die Schuhe schl\u00fcpfen (Feet-Sticker)!<\/p>\n<p>Au\u00dferdem werden durch die Folien die N\u00e4gel nicht so angegriffen oder besch\u00e4digt, wie es z. B. beim Auff\u00fcllen durch Gele der Fall ist.<\/p>\n<p>Die Haltbarkeit der Nagelfolien wird erheblich verl\u00e4ngert, wenn zuvor ein Top-Coat\/Klarlack auf den Nagel aufgetragen wird. Auch H\u00e4ndewaschen oder Duschen ist kein Problem mit Nagelfolien by Glamstripes!<\/p>\n<p>Ganz wichtig: Die N\u00e4gel m\u00fcssen immer absolut sauber und fettfrei sein!<\/p>\n<\/div>\n","protected":false},"excerpt":{"rendered":"<p>Die besten Nagelfolien sind von Diyz Nails \u2013 Designer Nagelfolie Wie ihr wisst, bin ich bereits ein gro\u00dfer Fan der Diyz Nagelfolien, die auf www.diyz-nails.de erh\u00e4ltlich sind. Das Prinzip ist bei den DIYZ Nagelfolien gleich \u2013 der Nagellack wird als Folie aufgeklebt. Somit erspart ihr euch die Trockenzeit und es sind Designs m\u00f6glich, die man &hellip; <a href=\"https:\/\/www.mesopotamiaheritage.org\/en\/die-aller-besten-nagelfolien\/\" class=\"more-link\">Continue reading<span class=\"screen-reader-text\"> &#8220;Die aller besten Nagelfolien&#8221;<\/span><\/a><\/p>\n","protected":false},"author":1,"featured_media":0,"parent":0,"menu_order":0,"comment_status":"closed","ping_status":"closed","template":"","meta":{"footnotes":""},"class_list":["post-42870","page","type-page","status-publish","hentry"],"acf":[],"yoast_head":"<!-- This site is optimized with the Yoast SEO plugin v27.5 - https:\/\/yoast.com\/product\/yoast-seo-wordpress\/ -->\n<title>Die aller besten Nagelfolien - Mesopotamia<\/title>\n<meta name=\"robots\" content=\"index, follow, max-snippet:-1, max-image-preview:large, max-video-preview:-1\" \/>\n<link rel=\"canonical\" href=\"https:\/\/www.mesopotamiaheritage.org\/en\/die-aller-besten-nagelfolien\/\" \/>\n<meta property=\"og:locale\" content=\"en_US\" \/>\n<meta property=\"og:type\" content=\"article\" \/>\n<meta property=\"og:title\" content=\"Die aller besten Nagelfolien - Mesopotamia\" \/>\n<meta property=\"og:description\" content=\"Die besten Nagelfolien sind von Diyz Nails \u2013 Designer Nagelfolie Wie ihr wisst, bin ich bereits ein gro\u00dfer Fan der Diyz Nagelfolien, die auf www.diyz-nails.de erh\u00e4ltlich sind. Das Prinzip ist bei den DIYZ Nagelfolien gleich \u2013 der Nagellack wird als Folie aufgeklebt. Somit erspart ihr euch die Trockenzeit und es sind Designs m\u00f6glich, die man &hellip; Continue reading &quot;Die aller besten Nagelfolien&quot;\" \/>\n<meta property=\"og:url\" content=\"https:\/\/www.mesopotamiaheritage.org\/en\/die-aller-besten-nagelfolien\/\" \/>\n<meta property=\"og:site_name\" content=\"Mesopotamia\" \/>\n<meta name=\"twitter:card\" content=\"summary_large_image\" \/>\n<meta name=\"twitter:label1\" content=\"Est. reading time\" \/>\n\t<meta name=\"twitter:data1\" content=\"4 minutes\" \/>\n<script type=\"application\/ld+json\" class=\"yoast-schema-graph\">{\"@context\":\"https:\\\/\\\/schema.org\",\"@graph\":[{\"@type\":\"WebPage\",\"@id\":\"https:\\\/\\\/www.mesopotamiaheritage.org\\\/en\\\/die-aller-besten-nagelfolien\\\/\",\"url\":\"https:\\\/\\\/www.mesopotamiaheritage.org\\\/en\\\/die-aller-besten-nagelfolien\\\/\",\"name\":\"Die aller besten Nagelfolien - Mesopotamia\",\"isPartOf\":{\"@id\":\"https:\\\/\\\/www.mesopotamiaheritage.org\\\/#website\"},\"datePublished\":\"2019-09-10T11:46:33+00:00\",\"breadcrumb\":{\"@id\":\"https:\\\/\\\/www.mesopotamiaheritage.org\\\/en\\\/die-aller-besten-nagelfolien\\\/#breadcrumb\"},\"inLanguage\":\"en-US\",\"potentialAction\":[{\"@type\":\"ReadAction\",\"target\":[\"https:\\\/\\\/www.mesopotamiaheritage.org\\\/en\\\/die-aller-besten-nagelfolien\\\/\"]}]},{\"@type\":\"BreadcrumbList\",\"@id\":\"https:\\\/\\\/www.mesopotamiaheritage.org\\\/en\\\/die-aller-besten-nagelfolien\\\/#breadcrumb\",\"itemListElement\":[{\"@type\":\"ListItem\",\"position\":1,\"name\":\"Home\",\"item\":\"https:\\\/\\\/www.mesopotamiaheritage.org\\\/en\\\/\"},{\"@type\":\"ListItem\",\"position\":2,\"name\":\"Die aller besten Nagelfolien\"}]},{\"@type\":\"WebSite\",\"@id\":\"https:\\\/\\\/www.mesopotamiaheritage.org\\\/#website\",\"url\":\"https:\\\/\\\/www.mesopotamiaheritage.org\\\/\",\"name\":\"Mesopotamia\",\"description\":\"Un site utilisant WordPress\",\"potentialAction\":[{\"@type\":\"SearchAction\",\"target\":{\"@type\":\"EntryPoint\",\"urlTemplate\":\"https:\\\/\\\/www.mesopotamiaheritage.org\\\/?s={search_term_string}\"},\"query-input\":{\"@type\":\"PropertyValueSpecification\",\"valueRequired\":true,\"valueName\":\"search_term_string\"}}],\"inLanguage\":\"en-US\"}]}<\/script>\n<!-- \/ Yoast SEO plugin. -->","yoast_head_json":{"title":"Die aller besten Nagelfolien - Mesopotamia","robots":{"index":"index","follow":"follow","max-snippet":"max-snippet:-1","max-image-preview":"max-image-preview:large","max-video-preview":"max-video-preview:-1"},"canonical":"https:\/\/www.mesopotamiaheritage.org\/en\/die-aller-besten-nagelfolien\/","og_locale":"en_US","og_type":"article","og_title":"Die aller besten Nagelfolien - Mesopotamia","og_description":"Die besten Nagelfolien sind von Diyz Nails \u2013 Designer Nagelfolie Wie ihr wisst, bin ich bereits ein gro\u00dfer Fan der Diyz Nagelfolien, die auf www.diyz-nails.de erh\u00e4ltlich sind. Das Prinzip ist bei den DIYZ Nagelfolien gleich \u2013 der Nagellack wird als Folie aufgeklebt. Somit erspart ihr euch die Trockenzeit und es sind Designs m\u00f6glich, die man &hellip; Continue reading \"Die aller besten Nagelfolien\"","og_url":"https:\/\/www.mesopotamiaheritage.org\/en\/die-aller-besten-nagelfolien\/","og_site_name":"Mesopotamia","twitter_card":"summary_large_image","twitter_misc":{"Est. reading time":"4 minutes"},"schema":{"@context":"https:\/\/schema.org","@graph":[{"@type":"WebPage","@id":"https:\/\/www.mesopotamiaheritage.org\/en\/die-aller-besten-nagelfolien\/","url":"https:\/\/www.mesopotamiaheritage.org\/en\/die-aller-besten-nagelfolien\/","name":"Die aller besten Nagelfolien - Mesopotamia","isPartOf":{"@id":"https:\/\/www.mesopotamiaheritage.org\/#website"},"datePublished":"2019-09-10T11:46:33+00:00","breadcrumb":{"@id":"https:\/\/www.mesopotamiaheritage.org\/en\/die-aller-besten-nagelfolien\/#breadcrumb"},"inLanguage":"en-US","potentialAction":[{"@type":"ReadAction","target":["https:\/\/www.mesopotamiaheritage.org\/en\/die-aller-besten-nagelfolien\/"]}]},{"@type":"BreadcrumbList","@id":"https:\/\/www.mesopotamiaheritage.org\/en\/die-aller-besten-nagelfolien\/#breadcrumb","itemListElement":[{"@type":"ListItem","position":1,"name":"Home","item":"https:\/\/www.mesopotamiaheritage.org\/en\/"},{"@type":"ListItem","position":2,"name":"Die aller besten Nagelfolien"}]},{"@type":"WebSite","@id":"https:\/\/www.mesopotamiaheritage.org\/#website","url":"https:\/\/www.mesopotamiaheritage.org\/","name":"Mesopotamia","description":"Un site utilisant WordPress","potentialAction":[{"@type":"SearchAction","target":{"@type":"EntryPoint","urlTemplate":"https:\/\/www.mesopotamiaheritage.org\/?s={search_term_string}"},"query-input":{"@type":"PropertyValueSpecification","valueRequired":true,"valueName":"search_term_string"}}],"inLanguage":"en-US"}]}},"_links":{"self":[{"href":"https:\/\/www.mesopotamiaheritage.org\/en\/wp-json\/wp\/v2\/pages\/42870","targetHints":{"allow":["GET"]}}],"collection":[{"href":"https:\/\/www.mesopotamiaheritage.org\/en\/wp-json\/wp\/v2\/pages"}],"about":[{"href":"https:\/\/www.mesopotamiaheritage.org\/en\/wp-json\/wp\/v2\/types\/page"}],"author":[{"embeddable":true,"href":"https:\/\/www.mesopotamiaheritage.org\/en\/wp-json\/wp\/v2\/users\/1"}],"replies":[{"embeddable":true,"href":"https:\/\/www.mesopotamiaheritage.org\/en\/wp-json\/wp\/v2\/comments?post=42870"}],"version-history":[{"count":1,"href":"https:\/\/www.mesopotamiaheritage.org\/en\/wp-json\/wp\/v2\/pages\/42870\/revisions"}],"predecessor-version":[{"id":42871,"href":"https:\/\/www.mesopotamiaheritage.org\/en\/wp-json\/wp\/v2\/pages\/42870\/revisions\/42871"}],"wp:attachment":[{"href":"https:\/\/www.mesopotamiaheritage.org\/en\/wp-json\/wp\/v2\/media?parent=42870"}],"curies":[{"name":"wp","href":"https:\/\/api.w.org\/{rel}","templated":true}]}}